{"id":84,"date":"2022-08-31T01:24:19","date_gmt":"2022-08-31T06:24:19","guid":{"rendered":"https:\/\/www.dariomejia.com.co\/?page_id=84"},"modified":"2026-03-05T16:18:01","modified_gmt":"2026-03-05T21:18:01","slug":"nosotros","status":"publish","type":"page","link":"https:\/\/www.dariomejia.com.co\/?page_id=84","title":{"rendered":"Nosotros"},"content":{"rendered":"<div id=\"pl-gb84-6a070eb954dc2\"  class=\"panel-layout wp-block-siteorigin-panels-layout-block\" ><div id=\"pg-gb84-6a070eb954dc2-0\"  class=\"panel-grid panel-no-style\" ><div id=\"pgc-gb84-6a070eb954dc2-0-0\"  class=\"panel-grid-cell\" ><div id=\"panel-gb84-6a070eb954dc2-0-0-0\" class=\"so-panel widget widget_sow-editor panel-first-child panel-last-child widgetopts-SO\" data-index=\"0\" ><div\n\t\t\t\n\t\t\tclass=\"so-widget-sow-editor so-widget-sow-editor-base\"\n\t\t\t\n\t\t>\n<div class=\"siteorigin-widget-tinymce textwidget\">\n\t<p><strong>Dar\u00edo Mej\u00eda Henao S.A.S<\/strong> es una empresa familiar creada desde 1.988, que gracias a la experiencia de su fundador en el sector de los pl\u00e1sticos ha logrado crecer y permanecer en el mercado.<\/p>\n<p>Dedicada a la comercializaci\u00f3n de materias primas nacionales e importadas en su gran mayor\u00eda pl\u00e1sticas , para diferentes sectores que incluyen: Impresi\u00f3n digital, empaque, manufactura, publicidad, confecci\u00f3n, se\u00f1alizaci\u00f3n, entre otros.<\/p>\n<\/div>\n<\/div><\/div><\/div><div id=\"pgc-gb84-6a070eb954dc2-0-1\"  class=\"panel-grid-cell\" ><div id=\"panel-gb84-6a070eb954dc2-0-1-0\" class=\"so-panel widget widget_media_image panel-first-child panel-last-child widgetopts-SO\" data-index=\"1\" ><img loading=\"lazy\" decoding=\"async\" width=\"800\" height=\"736\" src=\"https:\/\/www.dariomejia.com.co\/wp-content\/uploads\/2023\/01\/CALI.jpg\" class=\"image wp-image-359  attachment-full size-full\" alt=\"\" style=\"max-width: 100%; height: auto;\" srcset=\"https:\/\/www.dariomejia.com.co\/wp-content\/uploads\/2023\/01\/CALI.jpg 800w, https:\/\/www.dariomejia.com.co\/wp-content\/uploads\/2023\/01\/CALI-600x552.jpg 600w, https:\/\/www.dariomejia.com.co\/wp-content\/uploads\/2023\/01\/CALI-64x59.jpg 64w, https:\/\/www.dariomejia.com.co\/wp-content\/uploads\/2023\/01\/CALI-300x276.jpg 300w, https:\/\/www.dariomejia.com.co\/wp-content\/uploads\/2023\/01\/CALI-768x707.jpg 768w\" sizes=\"auto, (max-width: 800px) 100vw, 800px\" \/><\/div><\/div><\/div><div id=\"pg-gb84-6a070eb954dc2-1\"  class=\"panel-grid panel-no-style\" ><div id=\"pgc-gb84-6a070eb954dc2-1-0\"  class=\"panel-grid-cell\" ><div id=\"panel-gb84-6a070eb954dc2-1-0-0\" class=\"so-panel widget widget_media_image panel-first-child panel-last-child widgetopts-SO\" data-index=\"2\" ><img loading=\"lazy\" decoding=\"async\" width=\"1600\" height=\"1471\" src=\"https:\/\/www.dariomejia.com.co\/wp-content\/uploads\/2022\/11\/VOLCAN.jpeg\" class=\"image wp-image-172  attachment-full size-full\" alt=\"\" style=\"max-width: 100%; height: auto;\" srcset=\"https:\/\/www.dariomejia.com.co\/wp-content\/uploads\/2022\/11\/VOLCAN.jpeg 1600w, https:\/\/www.dariomejia.com.co\/wp-content\/uploads\/2022\/11\/VOLCAN-600x552.jpeg 600w, https:\/\/www.dariomejia.com.co\/wp-content\/uploads\/2022\/11\/VOLCAN-64x59.jpeg 64w, https:\/\/www.dariomejia.com.co\/wp-content\/uploads\/2022\/11\/VOLCAN-300x276.jpeg 300w, https:\/\/www.dariomejia.com.co\/wp-content\/uploads\/2022\/11\/VOLCAN-1024x941.jpeg 1024w, https:\/\/www.dariomejia.com.co\/wp-content\/uploads\/2022\/11\/VOLCAN-768x706.jpeg 768w, https:\/\/www.dariomejia.com.co\/wp-content\/uploads\/2022\/11\/VOLCAN-1536x1412.jpeg 1536w\" sizes=\"auto, (max-width: 1600px) 100vw, 1600px\" \/><\/div><\/div><div id=\"pgc-gb84-6a070eb954dc2-1-1\"  class=\"panel-grid-cell\" ><div id=\"panel-gb84-6a070eb954dc2-1-1-0\" class=\"so-panel widget widget_sow-editor panel-first-child widgetopts-SO\" data-index=\"3\" ><div\n\t\t\t\n\t\t\tclass=\"so-widget-sow-editor so-widget-sow-editor-base\"\n\t\t\t\n\t\t><h3 class=\"widget-title\">Misi\u00f3n<\/h3>\n<div class=\"siteorigin-widget-tinymce textwidget\">\n\t<p>Inspirados en la pasi\u00f3n por el trabajo bien hecho, la excelencia, las personas y por prestar un servicio c\u00e1lido y oportuno, como expertos y comercializadores de insumos para los sectores de impresi\u00f3n digital, empaques r\u00edgidos y flexibles, carpas y cubrimientos, cortinas para cuartos fr\u00edos y pel\u00edculas de PVC para m\u00faltiples usos, buscamos establecer una s\u00f3lida relaci\u00f3n con nuestros clientes, siendo sus asesores comerciales y aliados estrat\u00e9gicos, esforz\u00e1ndonos en la clara interpretaci\u00f3n de sus expectativas y ofreci\u00e9ndoles un amplio portafolio de productos de calidad y con valor agregado.<\/p>\n<\/div>\n<\/div><\/div><div id=\"panel-gb84-6a070eb954dc2-1-1-1\" class=\"so-panel widget widget_sow-editor panel-last-child\" data-index=\"4\" ><div\n\t\t\t\n\t\t\tclass=\"so-widget-sow-editor so-widget-sow-editor-base\"\n\t\t\t\n\t\t><h3 class=\"widget-title\">Visi\u00f3n<\/h3>\n<div class=\"siteorigin-widget-tinymce textwidget\">\n\t<p>Dar\u00edo Mej\u00eda Henao S.A.S. ser\u00e1 reconocida en el Valle del Cauca y a nivel nacional, como una empresa l\u00edder en la comercializaci\u00f3n y oferta tecnol\u00f3gica e innovadora, de insumos para empaques r\u00edgidos y flexibles, de sustratos para impresi\u00f3n digital de gran formato y pel\u00edculas pl\u00e1sticas para manufactura que respondan a las necesidades cambiantes de los clientes y a su continua exploraci\u00f3n creativa.<\/p>\n<\/div>\n<\/div><\/div><\/div><\/div><\/div>\n\n\n<p><\/p>\n","protected":false},"excerpt":{"rendered":"<p>Dar\u00edo Mej\u00eda Henao S.A.S es una empresa familiar creada desde 1.988, que gracias a la experiencia de su fundador en el sector de los pl\u00e1sticos ha logrado crecer y permanecer en el mercado. Dedicada a la comercializaci\u00f3n de materias primas nacionales e importadas en su gran mayor\u00eda pl\u00e1sticas , para diferentes sectores que incluyen: Impresi\u00f3n [&hellip;]<\/p>\n","protected":false},"author":1,"featured_media":0,"parent":0,"menu_order":0,"comment_status":"closed","ping_status":"closed","template":"","meta":{"footnotes":""},"class_list":["post-84","page","type-page","status-publish","hentry"],"yoast_head":"<!-- This site is optimized with the Yoast SEO plugin v27.1.1 - https:\/\/yoast.com\/product\/yoast-seo-wordpress\/ -->\n<title>Nosotros | Dario Mej\u00eda Henao S.A.S.<\/title>\n<meta name=\"description\" content=\"Empresa familiar creada desde 1.988, que gracias a la experiencia de su fundador en el sector de los pl\u00e1sticos ha logrado crecer y permanecer en el mercado.\" \/>\n<meta name=\"robots\" content=\"index, follow, max-snippet:-1, max-image-preview:large, max-video-preview:-1\" \/>\n<link rel=\"canonical\" href=\"https:\/\/www.dariomejia.com.co\/?page_id=84\" \/>\n<meta property=\"og:locale\" content=\"es_ES\" \/>\n<meta property=\"og:type\" content=\"article\" \/>\n<meta property=\"og:title\" content=\"Nosotros | Dario Mej\u00eda Henao S.A.S.\" \/>\n<meta property=\"og:description\" content=\"Empresa familiar creada desde 1.988, que gracias a la experiencia de su fundador en el sector de los pl\u00e1sticos ha logrado crecer y permanecer en el mercado.\" \/>\n<meta property=\"og:url\" content=\"https:\/\/www.dariomejia.com.co\/?page_id=84\" \/>\n<meta property=\"og:site_name\" content=\"Dario Mej\u00eda Henao S.A.S.\" \/>\n<meta property=\"article:publisher\" content=\"https:\/\/www.facebook.com\/profile.php?id=61585480233547\" \/>\n<meta property=\"article:modified_time\" content=\"2026-03-05T21:18:01+00:00\" \/>\n<meta name=\"twitter:card\" content=\"summary_large_image\" \/>\n<meta name=\"twitter:site\" content=\"@dmh_sas\" \/>\n<meta name=\"twitter:label1\" content=\"Tiempo de lectura\" \/>\n\t<meta name=\"twitter:data1\" content=\"2 minutos\" \/>\n<script type=\"application\/ld+json\" class=\"yoast-schema-graph\">{\"@context\":\"https:\/\/schema.org\",\"@graph\":[{\"@type\":\"WebPage\",\"@id\":\"https:\/\/www.dariomejia.com.co\/?page_id=84\",\"url\":\"https:\/\/www.dariomejia.com.co\/?page_id=84\",\"name\":\"Nosotros | Dario Mej\u00eda Henao S.A.S.\",\"isPartOf\":{\"@id\":\"https:\/\/www.dariomejia.com.co\/#website\"},\"datePublished\":\"2022-08-31T06:24:19+00:00\",\"dateModified\":\"2026-03-05T21:18:01+00:00\",\"description\":\"Empresa familiar creada desde 1.988, que gracias a la experiencia de su fundador en el sector de los pl\u00e1sticos ha logrado crecer y permanecer en el mercado.\",\"breadcrumb\":{\"@id\":\"https:\/\/www.dariomejia.com.co\/?page_id=84#breadcrumb\"},\"inLanguage\":\"es-CO\",\"potentialAction\":[{\"@type\":\"ReadAction\",\"target\":[\"https:\/\/www.dariomejia.com.co\/?page_id=84\"]}]},{\"@type\":\"BreadcrumbList\",\"@id\":\"https:\/\/www.dariomejia.com.co\/?page_id=84#breadcrumb\",\"itemListElement\":[{\"@type\":\"ListItem\",\"position\":1,\"name\":\"Inicio\",\"item\":\"https:\/\/www.dariomejia.com.co\/\"},{\"@type\":\"ListItem\",\"position\":2,\"name\":\"Nosotros\"}]},{\"@type\":\"WebSite\",\"@id\":\"https:\/\/www.dariomejia.com.co\/#website\",\"url\":\"https:\/\/www.dariomejia.com.co\/\",\"name\":\"Dario Mej\u00eda Henao S.A.S.\",\"description\":\"Centro de Pl\u00e1stico\",\"publisher\":{\"@id\":\"https:\/\/www.dariomejia.com.co\/#organization\"},\"potentialAction\":[{\"@type\":\"SearchAction\",\"target\":{\"@type\":\"EntryPoint\",\"urlTemplate\":\"https:\/\/www.dariomejia.com.co\/?s={search_term_string}\"},\"query-input\":{\"@type\":\"PropertyValueSpecification\",\"valueRequired\":true,\"valueName\":\"search_term_string\"}}],\"inLanguage\":\"es-CO\"},{\"@type\":\"Organization\",\"@id\":\"https:\/\/www.dariomejia.com.co\/#organization\",\"name\":\"Dario Mej\u00eda Henao S.A.S.\",\"url\":\"https:\/\/www.dariomejia.com.co\/\",\"logo\":{\"@type\":\"ImageObject\",\"inLanguage\":\"es-CO\",\"@id\":\"https:\/\/www.dariomejia.com.co\/#\/schema\/logo\/image\/\",\"url\":\"https:\/\/www.dariomejia.com.co\/wp-content\/uploads\/2026\/03\/dario-mejia-logo.png\",\"contentUrl\":\"https:\/\/www.dariomejia.com.co\/wp-content\/uploads\/2026\/03\/dario-mejia-logo.png\",\"width\":379,\"height\":86,\"caption\":\"Dario Mej\u00eda Henao S.A.S.\"},\"image\":{\"@id\":\"https:\/\/www.dariomejia.com.co\/#\/schema\/logo\/image\/\"},\"sameAs\":[\"https:\/\/www.facebook.com\/profile.php?id=61585480233547\",\"https:\/\/x.com\/dmh_sas\",\"https:\/\/www.instagram.com\/dmh_sas\/\",\"https:\/\/www.linkedin.com\/company\/daro-meja-henao-sas\/\"]}]}<\/script>\n<!-- \/ Yoast SEO plugin. -->","yoast_head_json":{"title":"Nosotros | Dario Mej\u00eda Henao S.A.S.","description":"Empresa familiar creada desde 1.988, que gracias a la experiencia de su fundador en el sector de los pl\u00e1sticos ha logrado crecer y permanecer en el mercado.","robots":{"index":"index","follow":"follow","max-snippet":"max-snippet:-1","max-image-preview":"max-image-preview:large","max-video-preview":"max-video-preview:-1"},"canonical":"https:\/\/www.dariomejia.com.co\/?page_id=84","og_locale":"es_ES","og_type":"article","og_title":"Nosotros | Dario Mej\u00eda Henao S.A.S.","og_description":"Empresa familiar creada desde 1.988, que gracias a la experiencia de su fundador en el sector de los pl\u00e1sticos ha logrado crecer y permanecer en el mercado.","og_url":"https:\/\/www.dariomejia.com.co\/?page_id=84","og_site_name":"Dario Mej\u00eda Henao S.A.S.","article_publisher":"https:\/\/www.facebook.com\/profile.php?id=61585480233547","article_modified_time":"2026-03-05T21:18:01+00:00","twitter_card":"summary_large_image","twitter_site":"@dmh_sas","twitter_misc":{"Tiempo de lectura":"2 minutos"},"schema":{"@context":"https:\/\/schema.org","@graph":[{"@type":"WebPage","@id":"https:\/\/www.dariomejia.com.co\/?page_id=84","url":"https:\/\/www.dariomejia.com.co\/?page_id=84","name":"Nosotros | Dario Mej\u00eda Henao S.A.S.","isPartOf":{"@id":"https:\/\/www.dariomejia.com.co\/#website"},"datePublished":"2022-08-31T06:24:19+00:00","dateModified":"2026-03-05T21:18:01+00:00","description":"Empresa familiar creada desde 1.988, que gracias a la experiencia de su fundador en el sector de los pl\u00e1sticos ha logrado crecer y permanecer en el mercado.","breadcrumb":{"@id":"https:\/\/www.dariomejia.com.co\/?page_id=84#breadcrumb"},"inLanguage":"es-CO","potentialAction":[{"@type":"ReadAction","target":["https:\/\/www.dariomejia.com.co\/?page_id=84"]}]},{"@type":"BreadcrumbList","@id":"https:\/\/www.dariomejia.com.co\/?page_id=84#breadcrumb","itemListElement":[{"@type":"ListItem","position":1,"name":"Inicio","item":"https:\/\/www.dariomejia.com.co\/"},{"@type":"ListItem","position":2,"name":"Nosotros"}]},{"@type":"WebSite","@id":"https:\/\/www.dariomejia.com.co\/#website","url":"https:\/\/www.dariomejia.com.co\/","name":"Dario Mej\u00eda Henao S.A.S.","description":"Centro de Pl\u00e1stico","publisher":{"@id":"https:\/\/www.dariomejia.com.co\/#organization"},"potentialAction":[{"@type":"SearchAction","target":{"@type":"EntryPoint","urlTemplate":"https:\/\/www.dariomejia.com.co\/?s={search_term_string}"},"query-input":{"@type":"PropertyValueSpecification","valueRequired":true,"valueName":"search_term_string"}}],"inLanguage":"es-CO"},{"@type":"Organization","@id":"https:\/\/www.dariomejia.com.co\/#organization","name":"Dario Mej\u00eda Henao S.A.S.","url":"https:\/\/www.dariomejia.com.co\/","logo":{"@type":"ImageObject","inLanguage":"es-CO","@id":"https:\/\/www.dariomejia.com.co\/#\/schema\/logo\/image\/","url":"https:\/\/www.dariomejia.com.co\/wp-content\/uploads\/2026\/03\/dario-mejia-logo.png","contentUrl":"https:\/\/www.dariomejia.com.co\/wp-content\/uploads\/2026\/03\/dario-mejia-logo.png","width":379,"height":86,"caption":"Dario Mej\u00eda Henao S.A.S."},"image":{"@id":"https:\/\/www.dariomejia.com.co\/#\/schema\/logo\/image\/"},"sameAs":["https:\/\/www.facebook.com\/profile.php?id=61585480233547","https:\/\/x.com\/dmh_sas","https:\/\/www.instagram.com\/dmh_sas\/","https:\/\/www.linkedin.com\/company\/daro-meja-henao-sas\/"]}]}},"_links":{"self":[{"href":"https:\/\/www.dariomejia.com.co\/index.php?rest_route=\/wp\/v2\/pages\/84","targetHints":{"allow":["GET"]}}],"collection":[{"href":"https:\/\/www.dariomejia.com.co\/index.php?rest_route=\/wp\/v2\/pages"}],"about":[{"href":"https:\/\/www.dariomejia.com.co\/index.php?rest_route=\/wp\/v2\/types\/page"}],"author":[{"embeddable":true,"href":"https:\/\/www.dariomejia.com.co\/index.php?rest_route=\/wp\/v2\/users\/1"}],"replies":[{"embeddable":true,"href":"https:\/\/www.dariomejia.com.co\/index.php?rest_route=%2Fwp%2Fv2%2Fcomments&post=84"}],"version-history":[{"count":23,"href":"https:\/\/www.dariomejia.com.co\/index.php?rest_route=\/wp\/v2\/pages\/84\/revisions"}],"predecessor-version":[{"id":3383,"href":"https:\/\/www.dariomejia.com.co\/index.php?rest_route=\/wp\/v2\/pages\/84\/revisions\/3383"}],"wp:attachment":[{"href":"https:\/\/www.dariomejia.com.co\/index.php?rest_route=%2Fwp%2Fv2%2Fmedia&parent=84"}],"curies":[{"name":"wp","href":"https:\/\/api.w.org\/{rel}","templated":true}]}}