{"id":1053,"date":"2025-03-14T10:06:58","date_gmt":"2025-03-14T15:06:58","guid":{"rendered":"https:\/\/www.dariomejia.com.co\/?post_type=product&#038;p=1053"},"modified":"2025-03-14T10:42:34","modified_gmt":"2025-03-14T15:42:34","slug":"printcard","status":"publish","type":"product","link":"https:\/\/www.dariomejia.com.co\/?product=printcard","title":{"rendered":"PrintCard"},"content":{"rendered":"<p><strong>Usos:<\/strong> Artes pl\u00e1sticas, tarjetas de presentaci\u00f3n, avisos publicitarios, carnetizaci\u00f3n, impresi\u00f3n, grabado, termoformado y troquelado.<\/p>\n<div>\n<p><strong><span class=\"OYPEnA font-feature-liga-off font-feature-clig-off font-feature-calt-off text-decoration-none text-strikethrough-none\">Color: <\/span><\/strong><span class=\"OYPEnA font-feature-liga-off font-feature-clig-off font-feature-calt-off text-decoration-none text-strikethrough-none\">Blanco mate<\/span><\/p>\n<\/div>\n<p class=\"cvGsUA direction-ltr align-start para-style-body\"><span class=\"OYPEnA font-feature-liga-off font-feature-clig-off font-feature-calt-off text-decoration-none text-strikethrough-none\"><strong>Ancho:<\/strong> 70&#215;100 cm.<\/span><\/p>\n<p class=\"cvGsUA direction-ltr align-start para-style-body\"><span class=\"OYPEnA font-feature-liga-off font-feature-clig-off font-feature-calt-off text-decoration-none text-strikethrough-none\"><strong>Color:<\/strong> Blanco mate.<\/span><\/p>\n<p class=\"cvGsUA direction-ltr align-start para-style-body\"><span class=\"OYPEnA font-feature-liga-off font-feature-clig-off font-feature-calt-off text-decoration-none text-strikethrough-none\"><strong>Calibre:<\/strong> 260(10) &#8211; 310(12) &#8211; 390(15)<\/span><\/p>\n<p><a href=\"https:\/\/www.dariomejia.com.co\/wp-content\/uploads\/2025\/03\/HT-PRINTCARD.pdf\" target=\"_blank\" rel=\"noopener\"><img loading=\"lazy\" decoding=\"async\" class=\"alignright wp-image-451 size-full\" src=\"https:\/\/www.dariomejia.com.co\/wp-content\/uploads\/2023\/01\/ficha-btn.png\" alt=\"\" width=\"219\" height=\"53\" srcset=\"https:\/\/www.dariomejia.com.co\/wp-content\/uploads\/2023\/01\/ficha-btn.png 219w, https:\/\/www.dariomejia.com.co\/wp-content\/uploads\/2023\/01\/ficha-btn-64x15.png 64w\" sizes=\"auto, (max-width: 219px) 100vw, 219px\" \/><\/a><\/p>\n","protected":false},"excerpt":{"rendered":"<p>Poliestireno + aditivos de alto impacto +master blanco.<\/p>\n<p>&nbsp;<\/p>\n","protected":false},"featured_media":1054,"template":"","meta":[],"product_brand":[],"product_cat":[25,26],"product_tag":[],"class_list":{"0":"post-1053","1":"product","2":"type-product","3":"status-publish","4":"has-post-thumbnail","6":"product_cat-impresion-digital","7":"product_cat-laminas","9":"first","10":"instock","11":"shipping-taxable","12":"product-type-simple"},"yoast_head":"<!-- This site is optimized with the Yoast SEO plugin v27.1.1 - https:\/\/yoast.com\/product\/yoast-seo-wordpress\/ -->\n<title>PrintCard | Dario Mej\u00eda Henao S.A.S.<\/title>\n<meta name=\"robots\" content=\"index, follow, max-snippet:-1, max-image-preview:large, max-video-preview:-1\" \/>\n<link rel=\"canonical\" href=\"https:\/\/www.dariomejia.com.co\/?product=printcard\" \/>\n<meta property=\"og:locale\" content=\"es_ES\" \/>\n<meta property=\"og:type\" content=\"article\" \/>\n<meta property=\"og:title\" content=\"PrintCard | Dario Mej\u00eda Henao S.A.S.\" \/>\n<meta property=\"og:description\" content=\"Poliestireno + aditivos de alto impacto +master blanco.  &nbsp;\" \/>\n<meta property=\"og:url\" content=\"https:\/\/www.dariomejia.com.co\/?product=printcard\" \/>\n<meta property=\"og:site_name\" content=\"Dario Mej\u00eda Henao S.A.S.\" \/>\n<meta property=\"article:publisher\" content=\"https:\/\/www.facebook.com\/profile.php?id=61585480233547\" \/>\n<meta property=\"article:modified_time\" content=\"2025-03-14T15:42:34+00:00\" \/>\n<meta property=\"og:image\" content=\"https:\/\/www.dariomejia.com.co\/wp-content\/uploads\/2025\/03\/PRINTCARD-scaled.jpeg\" \/>\n\t<meta property=\"og:image:width\" content=\"1920\" \/>\n\t<meta property=\"og:image:height\" content=\"2560\" \/>\n\t<meta property=\"og:image:type\" content=\"image\/jpeg\" \/>\n<meta name=\"twitter:card\" content=\"summary_large_image\" \/>\n<meta name=\"twitter:site\" content=\"@dmh_sas\" \/>\n<script type=\"application\/ld+json\" class=\"yoast-schema-graph\">{\"@context\":\"https:\/\/schema.org\",\"@graph\":[{\"@type\":\"WebPage\",\"@id\":\"https:\/\/www.dariomejia.com.co\/?product=printcard\",\"url\":\"https:\/\/www.dariomejia.com.co\/?product=printcard\",\"name\":\"PrintCard | Dario Mej\u00eda Henao S.A.S.\",\"isPartOf\":{\"@id\":\"https:\/\/www.dariomejia.com.co\/#website\"},\"primaryImageOfPage\":{\"@id\":\"https:\/\/www.dariomejia.com.co\/?product=printcard#primaryimage\"},\"image\":{\"@id\":\"https:\/\/www.dariomejia.com.co\/?product=printcard#primaryimage\"},\"thumbnailUrl\":\"https:\/\/www.dariomejia.com.co\/wp-content\/uploads\/2025\/03\/PRINTCARD-scaled.jpeg\",\"datePublished\":\"2025-03-14T15:06:58+00:00\",\"dateModified\":\"2025-03-14T15:42:34+00:00\",\"breadcrumb\":{\"@id\":\"https:\/\/www.dariomejia.com.co\/?product=printcard#breadcrumb\"},\"inLanguage\":\"es-CO\",\"potentialAction\":[{\"@type\":\"ReadAction\",\"target\":[\"https:\/\/www.dariomejia.com.co\/?product=printcard\"]}]},{\"@type\":\"ImageObject\",\"inLanguage\":\"es-CO\",\"@id\":\"https:\/\/www.dariomejia.com.co\/?product=printcard#primaryimage\",\"url\":\"https:\/\/www.dariomejia.com.co\/wp-content\/uploads\/2025\/03\/PRINTCARD-scaled.jpeg\",\"contentUrl\":\"https:\/\/www.dariomejia.com.co\/wp-content\/uploads\/2025\/03\/PRINTCARD-scaled.jpeg\",\"width\":1920,\"height\":2560},{\"@type\":\"BreadcrumbList\",\"@id\":\"https:\/\/www.dariomejia.com.co\/?product=printcard#breadcrumb\",\"itemListElement\":[{\"@type\":\"ListItem\",\"position\":1,\"name\":\"Inicio\",\"item\":\"https:\/\/www.dariomejia.com.co\/\"},{\"@type\":\"ListItem\",\"position\":2,\"name\":\"Productos\",\"item\":\"https:\/\/www.dariomejia.com.co\/?page_id=9\"},{\"@type\":\"ListItem\",\"position\":3,\"name\":\"PrintCard\"}]},{\"@type\":\"WebSite\",\"@id\":\"https:\/\/www.dariomejia.com.co\/#website\",\"url\":\"https:\/\/www.dariomejia.com.co\/\",\"name\":\"Dario Mej\u00eda Henao S.A.S.\",\"description\":\"Centro de Pl\u00e1stico\",\"publisher\":{\"@id\":\"https:\/\/www.dariomejia.com.co\/#organization\"},\"potentialAction\":[{\"@type\":\"SearchAction\",\"target\":{\"@type\":\"EntryPoint\",\"urlTemplate\":\"https:\/\/www.dariomejia.com.co\/?s={search_term_string}\"},\"query-input\":{\"@type\":\"PropertyValueSpecification\",\"valueRequired\":true,\"valueName\":\"search_term_string\"}}],\"inLanguage\":\"es-CO\"},{\"@type\":\"Organization\",\"@id\":\"https:\/\/www.dariomejia.com.co\/#organization\",\"name\":\"Dario Mej\u00eda Henao S.A.S.\",\"url\":\"https:\/\/www.dariomejia.com.co\/\",\"logo\":{\"@type\":\"ImageObject\",\"inLanguage\":\"es-CO\",\"@id\":\"https:\/\/www.dariomejia.com.co\/#\/schema\/logo\/image\/\",\"url\":\"https:\/\/www.dariomejia.com.co\/wp-content\/uploads\/2026\/03\/dario-mejia-logo.png\",\"contentUrl\":\"https:\/\/www.dariomejia.com.co\/wp-content\/uploads\/2026\/03\/dario-mejia-logo.png\",\"width\":379,\"height\":86,\"caption\":\"Dario Mej\u00eda Henao S.A.S.\"},\"image\":{\"@id\":\"https:\/\/www.dariomejia.com.co\/#\/schema\/logo\/image\/\"},\"sameAs\":[\"https:\/\/www.facebook.com\/profile.php?id=61585480233547\",\"https:\/\/x.com\/dmh_sas\",\"https:\/\/www.instagram.com\/dmh_sas\/\",\"https:\/\/www.linkedin.com\/company\/daro-meja-henao-sas\/\"]}]}<\/script>\n<!-- \/ Yoast SEO plugin. -->","yoast_head_json":{"title":"PrintCard | Dario Mej\u00eda Henao S.A.S.","robots":{"index":"index","follow":"follow","max-snippet":"max-snippet:-1","max-image-preview":"max-image-preview:large","max-video-preview":"max-video-preview:-1"},"canonical":"https:\/\/www.dariomejia.com.co\/?product=printcard","og_locale":"es_ES","og_type":"article","og_title":"PrintCard | Dario Mej\u00eda Henao S.A.S.","og_description":"Poliestireno + aditivos de alto impacto +master blanco.  &nbsp;","og_url":"https:\/\/www.dariomejia.com.co\/?product=printcard","og_site_name":"Dario Mej\u00eda Henao S.A.S.","article_publisher":"https:\/\/www.facebook.com\/profile.php?id=61585480233547","article_modified_time":"2025-03-14T15:42:34+00:00","og_image":[{"width":1920,"height":2560,"url":"https:\/\/www.dariomejia.com.co\/wp-content\/uploads\/2025\/03\/PRINTCARD-scaled.jpeg","type":"image\/jpeg"}],"twitter_card":"summary_large_image","twitter_site":"@dmh_sas","schema":{"@context":"https:\/\/schema.org","@graph":[{"@type":"WebPage","@id":"https:\/\/www.dariomejia.com.co\/?product=printcard","url":"https:\/\/www.dariomejia.com.co\/?product=printcard","name":"PrintCard | Dario Mej\u00eda Henao S.A.S.","isPartOf":{"@id":"https:\/\/www.dariomejia.com.co\/#website"},"primaryImageOfPage":{"@id":"https:\/\/www.dariomejia.com.co\/?product=printcard#primaryimage"},"image":{"@id":"https:\/\/www.dariomejia.com.co\/?product=printcard#primaryimage"},"thumbnailUrl":"https:\/\/www.dariomejia.com.co\/wp-content\/uploads\/2025\/03\/PRINTCARD-scaled.jpeg","datePublished":"2025-03-14T15:06:58+00:00","dateModified":"2025-03-14T15:42:34+00:00","breadcrumb":{"@id":"https:\/\/www.dariomejia.com.co\/?product=printcard#breadcrumb"},"inLanguage":"es-CO","potentialAction":[{"@type":"ReadAction","target":["https:\/\/www.dariomejia.com.co\/?product=printcard"]}]},{"@type":"ImageObject","inLanguage":"es-CO","@id":"https:\/\/www.dariomejia.com.co\/?product=printcard#primaryimage","url":"https:\/\/www.dariomejia.com.co\/wp-content\/uploads\/2025\/03\/PRINTCARD-scaled.jpeg","contentUrl":"https:\/\/www.dariomejia.com.co\/wp-content\/uploads\/2025\/03\/PRINTCARD-scaled.jpeg","width":1920,"height":2560},{"@type":"BreadcrumbList","@id":"https:\/\/www.dariomejia.com.co\/?product=printcard#breadcrumb","itemListElement":[{"@type":"ListItem","position":1,"name":"Inicio","item":"https:\/\/www.dariomejia.com.co\/"},{"@type":"ListItem","position":2,"name":"Productos","item":"https:\/\/www.dariomejia.com.co\/?page_id=9"},{"@type":"ListItem","position":3,"name":"PrintCard"}]},{"@type":"WebSite","@id":"https:\/\/www.dariomejia.com.co\/#website","url":"https:\/\/www.dariomejia.com.co\/","name":"Dario Mej\u00eda Henao S.A.S.","description":"Centro de Pl\u00e1stico","publisher":{"@id":"https:\/\/www.dariomejia.com.co\/#organization"},"potentialAction":[{"@type":"SearchAction","target":{"@type":"EntryPoint","urlTemplate":"https:\/\/www.dariomejia.com.co\/?s={search_term_string}"},"query-input":{"@type":"PropertyValueSpecification","valueRequired":true,"valueName":"search_term_string"}}],"inLanguage":"es-CO"},{"@type":"Organization","@id":"https:\/\/www.dariomejia.com.co\/#organization","name":"Dario Mej\u00eda Henao S.A.S.","url":"https:\/\/www.dariomejia.com.co\/","logo":{"@type":"ImageObject","inLanguage":"es-CO","@id":"https:\/\/www.dariomejia.com.co\/#\/schema\/logo\/image\/","url":"https:\/\/www.dariomejia.com.co\/wp-content\/uploads\/2026\/03\/dario-mejia-logo.png","contentUrl":"https:\/\/www.dariomejia.com.co\/wp-content\/uploads\/2026\/03\/dario-mejia-logo.png","width":379,"height":86,"caption":"Dario Mej\u00eda Henao S.A.S."},"image":{"@id":"https:\/\/www.dariomejia.com.co\/#\/schema\/logo\/image\/"},"sameAs":["https:\/\/www.facebook.com\/profile.php?id=61585480233547","https:\/\/x.com\/dmh_sas","https:\/\/www.instagram.com\/dmh_sas\/","https:\/\/www.linkedin.com\/company\/daro-meja-henao-sas\/"]}]}},"_links":{"self":[{"href":"https:\/\/www.dariomejia.com.co\/index.php?rest_route=\/wp\/v2\/product\/1053","targetHints":{"allow":["GET"]}}],"collection":[{"href":"https:\/\/www.dariomejia.com.co\/index.php?rest_route=\/wp\/v2\/product"}],"about":[{"href":"https:\/\/www.dariomejia.com.co\/index.php?rest_route=\/wp\/v2\/types\/product"}],"wp:featuredmedia":[{"embeddable":true,"href":"https:\/\/www.dariomejia.com.co\/index.php?rest_route=\/wp\/v2\/media\/1054"}],"wp:attachment":[{"href":"https:\/\/www.dariomejia.com.co\/index.php?rest_route=%2Fwp%2Fv2%2Fmedia&parent=1053"}],"wp:term":[{"taxonomy":"product_brand","embeddable":true,"href":"https:\/\/www.dariomejia.com.co\/index.php?rest_route=%2Fwp%2Fv2%2Fproduct_brand&post=1053"},{"taxonomy":"product_cat","embeddable":true,"href":"https:\/\/www.dariomejia.com.co\/index.php?rest_route=%2Fwp%2Fv2%2Fproduct_cat&post=1053"},{"taxonomy":"product_tag","embeddable":true,"href":"https:\/\/www.dariomejia.com.co\/index.php?rest_route=%2Fwp%2Fv2%2Fproduct_tag&post=1053"}],"curies":[{"name":"wp","href":"https:\/\/api.w.org\/{rel}","templated":true}]}}