{"id":1142,"date":"2025-09-09T15:10:06","date_gmt":"2025-09-09T20:10:06","guid":{"rendered":"https:\/\/www.dariomejia.com.co\/?post_type=product&#038;p=1142"},"modified":"2025-09-09T15:21:33","modified_gmt":"2025-09-09T20:21:33","slug":"superbanner-grey-back","status":"publish","type":"product","link":"https:\/\/www.dariomejia.com.co\/?product=superbanner-grey-back","title":{"rendered":"Superbanner grey back"},"content":{"rendered":"<p><strong>Usos:<\/strong> Vallas publicitarias, pancartas colgantes, marco de soporte.<\/p>\n<p><strong>Referencias:<\/strong> Semibrillante, Semimate.<\/p>\n<p><strong>Ancho:<\/strong> 2.52m &#8211; 3.22 m.<\/p>\n<p><strong>Longitud:<\/strong> 50 m.<\/p>\n<p><strong>Gramaje:<\/strong> 13 oz.<\/p>\n<p><a href=\"https:\/\/www.dariomejia.com.co\/wp-content\/uploads\/2025\/09\/HT-SUPERBANNER-BLACKBACK-13onz.pdf\" target=\"_blank\" rel=\"noopener\"><img loading=\"lazy\" decoding=\"async\" class=\"alignright wp-image-451 size-full\" src=\"https:\/\/www.dariomejia.com.co\/wp-content\/uploads\/2023\/01\/ficha-btn.png\" alt=\"\" width=\"219\" height=\"53\" srcset=\"https:\/\/www.dariomejia.com.co\/wp-content\/uploads\/2023\/01\/ficha-btn.png 219w, https:\/\/www.dariomejia.com.co\/wp-content\/uploads\/2023\/01\/ficha-btn-64x15.png 64w\" sizes=\"auto, (max-width: 219px) 100vw, 219px\" \/><\/a><\/p>\n","protected":false},"excerpt":{"rendered":"<p>Pel\u00edcula en poli\u00e9ster para impresi\u00f3n digital.<\/p>\n","protected":false},"featured_media":1143,"template":"","meta":[],"product_brand":[],"product_cat":[25,37],"product_tag":[],"class_list":{"0":"post-1142","1":"product","2":"type-product","3":"status-publish","4":"has-post-thumbnail","6":"product_cat-impresion-digital","7":"product_cat-nacional-importado","9":"first","10":"instock","11":"shipping-taxable","12":"product-type-simple"},"yoast_head":"<!-- This site is optimized with the Yoast SEO plugin v27.1.1 - https:\/\/yoast.com\/product\/yoast-seo-wordpress\/ -->\n<title>Superbanner grey back | Dario Mej\u00eda Henao S.A.S.<\/title>\n<meta name=\"robots\" content=\"index, follow, max-snippet:-1, max-image-preview:large, max-video-preview:-1\" \/>\n<link rel=\"canonical\" href=\"https:\/\/www.dariomejia.com.co\/?product=superbanner-grey-back\" \/>\n<meta property=\"og:locale\" content=\"es_ES\" \/>\n<meta property=\"og:type\" content=\"article\" \/>\n<meta property=\"og:title\" content=\"Superbanner grey back | Dario Mej\u00eda Henao S.A.S.\" \/>\n<meta property=\"og:description\" content=\"Pel\u00edcula en poli\u00e9ster para impresi\u00f3n digital.\" \/>\n<meta property=\"og:url\" content=\"https:\/\/www.dariomejia.com.co\/?product=superbanner-grey-back\" \/>\n<meta property=\"og:site_name\" content=\"Dario Mej\u00eda Henao S.A.S.\" \/>\n<meta property=\"article:publisher\" content=\"https:\/\/www.facebook.com\/profile.php?id=61585480233547\" \/>\n<meta property=\"article:modified_time\" content=\"2025-09-09T20:21:33+00:00\" \/>\n<meta property=\"og:image\" content=\"https:\/\/www.dariomejia.com.co\/wp-content\/uploads\/2025\/09\/grey_back1.jpg\" \/>\n\t<meta property=\"og:image:width\" content=\"500\" \/>\n\t<meta property=\"og:image:height\" content=\"358\" \/>\n\t<meta property=\"og:image:type\" content=\"image\/jpeg\" \/>\n<meta name=\"twitter:card\" content=\"summary_large_image\" \/>\n<meta name=\"twitter:site\" content=\"@dmh_sas\" \/>\n<script type=\"application\/ld+json\" class=\"yoast-schema-graph\">{\"@context\":\"https:\/\/schema.org\",\"@graph\":[{\"@type\":\"WebPage\",\"@id\":\"https:\/\/www.dariomejia.com.co\/?product=superbanner-grey-back\",\"url\":\"https:\/\/www.dariomejia.com.co\/?product=superbanner-grey-back\",\"name\":\"Superbanner grey back | Dario Mej\u00eda Henao S.A.S.\",\"isPartOf\":{\"@id\":\"https:\/\/www.dariomejia.com.co\/#website\"},\"primaryImageOfPage\":{\"@id\":\"https:\/\/www.dariomejia.com.co\/?product=superbanner-grey-back#primaryimage\"},\"image\":{\"@id\":\"https:\/\/www.dariomejia.com.co\/?product=superbanner-grey-back#primaryimage\"},\"thumbnailUrl\":\"https:\/\/www.dariomejia.com.co\/wp-content\/uploads\/2025\/09\/grey_back1.jpg\",\"datePublished\":\"2025-09-09T20:10:06+00:00\",\"dateModified\":\"2025-09-09T20:21:33+00:00\",\"breadcrumb\":{\"@id\":\"https:\/\/www.dariomejia.com.co\/?product=superbanner-grey-back#breadcrumb\"},\"inLanguage\":\"es-CO\",\"potentialAction\":[{\"@type\":\"ReadAction\",\"target\":[\"https:\/\/www.dariomejia.com.co\/?product=superbanner-grey-back\"]}]},{\"@type\":\"ImageObject\",\"inLanguage\":\"es-CO\",\"@id\":\"https:\/\/www.dariomejia.com.co\/?product=superbanner-grey-back#primaryimage\",\"url\":\"https:\/\/www.dariomejia.com.co\/wp-content\/uploads\/2025\/09\/grey_back1.jpg\",\"contentUrl\":\"https:\/\/www.dariomejia.com.co\/wp-content\/uploads\/2025\/09\/grey_back1.jpg\",\"width\":500,\"height\":358},{\"@type\":\"BreadcrumbList\",\"@id\":\"https:\/\/www.dariomejia.com.co\/?product=superbanner-grey-back#breadcrumb\",\"itemListElement\":[{\"@type\":\"ListItem\",\"position\":1,\"name\":\"Inicio\",\"item\":\"https:\/\/www.dariomejia.com.co\/\"},{\"@type\":\"ListItem\",\"position\":2,\"name\":\"Productos\",\"item\":\"https:\/\/www.dariomejia.com.co\/?page_id=9\"},{\"@type\":\"ListItem\",\"position\":3,\"name\":\"Superbanner grey back\"}]},{\"@type\":\"WebSite\",\"@id\":\"https:\/\/www.dariomejia.com.co\/#website\",\"url\":\"https:\/\/www.dariomejia.com.co\/\",\"name\":\"Dario Mej\u00eda Henao S.A.S.\",\"description\":\"Centro de Pl\u00e1stico\",\"publisher\":{\"@id\":\"https:\/\/www.dariomejia.com.co\/#organization\"},\"potentialAction\":[{\"@type\":\"SearchAction\",\"target\":{\"@type\":\"EntryPoint\",\"urlTemplate\":\"https:\/\/www.dariomejia.com.co\/?s={search_term_string}\"},\"query-input\":{\"@type\":\"PropertyValueSpecification\",\"valueRequired\":true,\"valueName\":\"search_term_string\"}}],\"inLanguage\":\"es-CO\"},{\"@type\":\"Organization\",\"@id\":\"https:\/\/www.dariomejia.com.co\/#organization\",\"name\":\"Dario Mej\u00eda Henao S.A.S.\",\"url\":\"https:\/\/www.dariomejia.com.co\/\",\"logo\":{\"@type\":\"ImageObject\",\"inLanguage\":\"es-CO\",\"@id\":\"https:\/\/www.dariomejia.com.co\/#\/schema\/logo\/image\/\",\"url\":\"https:\/\/www.dariomejia.com.co\/wp-content\/uploads\/2026\/03\/dario-mejia-logo.png\",\"contentUrl\":\"https:\/\/www.dariomejia.com.co\/wp-content\/uploads\/2026\/03\/dario-mejia-logo.png\",\"width\":379,\"height\":86,\"caption\":\"Dario Mej\u00eda Henao S.A.S.\"},\"image\":{\"@id\":\"https:\/\/www.dariomejia.com.co\/#\/schema\/logo\/image\/\"},\"sameAs\":[\"https:\/\/www.facebook.com\/profile.php?id=61585480233547\",\"https:\/\/x.com\/dmh_sas\",\"https:\/\/www.instagram.com\/dmh_sas\/\",\"https:\/\/www.linkedin.com\/company\/daro-meja-henao-sas\/\"]}]}<\/script>\n<!-- \/ Yoast SEO plugin. -->","yoast_head_json":{"title":"Superbanner grey back | Dario Mej\u00eda Henao S.A.S.","robots":{"index":"index","follow":"follow","max-snippet":"max-snippet:-1","max-image-preview":"max-image-preview:large","max-video-preview":"max-video-preview:-1"},"canonical":"https:\/\/www.dariomejia.com.co\/?product=superbanner-grey-back","og_locale":"es_ES","og_type":"article","og_title":"Superbanner grey back | Dario Mej\u00eda Henao S.A.S.","og_description":"Pel\u00edcula en poli\u00e9ster para impresi\u00f3n digital.","og_url":"https:\/\/www.dariomejia.com.co\/?product=superbanner-grey-back","og_site_name":"Dario Mej\u00eda Henao S.A.S.","article_publisher":"https:\/\/www.facebook.com\/profile.php?id=61585480233547","article_modified_time":"2025-09-09T20:21:33+00:00","og_image":[{"width":500,"height":358,"url":"https:\/\/www.dariomejia.com.co\/wp-content\/uploads\/2025\/09\/grey_back1.jpg","type":"image\/jpeg"}],"twitter_card":"summary_large_image","twitter_site":"@dmh_sas","schema":{"@context":"https:\/\/schema.org","@graph":[{"@type":"WebPage","@id":"https:\/\/www.dariomejia.com.co\/?product=superbanner-grey-back","url":"https:\/\/www.dariomejia.com.co\/?product=superbanner-grey-back","name":"Superbanner grey back | Dario Mej\u00eda Henao S.A.S.","isPartOf":{"@id":"https:\/\/www.dariomejia.com.co\/#website"},"primaryImageOfPage":{"@id":"https:\/\/www.dariomejia.com.co\/?product=superbanner-grey-back#primaryimage"},"image":{"@id":"https:\/\/www.dariomejia.com.co\/?product=superbanner-grey-back#primaryimage"},"thumbnailUrl":"https:\/\/www.dariomejia.com.co\/wp-content\/uploads\/2025\/09\/grey_back1.jpg","datePublished":"2025-09-09T20:10:06+00:00","dateModified":"2025-09-09T20:21:33+00:00","breadcrumb":{"@id":"https:\/\/www.dariomejia.com.co\/?product=superbanner-grey-back#breadcrumb"},"inLanguage":"es-CO","potentialAction":[{"@type":"ReadAction","target":["https:\/\/www.dariomejia.com.co\/?product=superbanner-grey-back"]}]},{"@type":"ImageObject","inLanguage":"es-CO","@id":"https:\/\/www.dariomejia.com.co\/?product=superbanner-grey-back#primaryimage","url":"https:\/\/www.dariomejia.com.co\/wp-content\/uploads\/2025\/09\/grey_back1.jpg","contentUrl":"https:\/\/www.dariomejia.com.co\/wp-content\/uploads\/2025\/09\/grey_back1.jpg","width":500,"height":358},{"@type":"BreadcrumbList","@id":"https:\/\/www.dariomejia.com.co\/?product=superbanner-grey-back#breadcrumb","itemListElement":[{"@type":"ListItem","position":1,"name":"Inicio","item":"https:\/\/www.dariomejia.com.co\/"},{"@type":"ListItem","position":2,"name":"Productos","item":"https:\/\/www.dariomejia.com.co\/?page_id=9"},{"@type":"ListItem","position":3,"name":"Superbanner grey back"}]},{"@type":"WebSite","@id":"https:\/\/www.dariomejia.com.co\/#website","url":"https:\/\/www.dariomejia.com.co\/","name":"Dario Mej\u00eda Henao S.A.S.","description":"Centro de Pl\u00e1stico","publisher":{"@id":"https:\/\/www.dariomejia.com.co\/#organization"},"potentialAction":[{"@type":"SearchAction","target":{"@type":"EntryPoint","urlTemplate":"https:\/\/www.dariomejia.com.co\/?s={search_term_string}"},"query-input":{"@type":"PropertyValueSpecification","valueRequired":true,"valueName":"search_term_string"}}],"inLanguage":"es-CO"},{"@type":"Organization","@id":"https:\/\/www.dariomejia.com.co\/#organization","name":"Dario Mej\u00eda Henao S.A.S.","url":"https:\/\/www.dariomejia.com.co\/","logo":{"@type":"ImageObject","inLanguage":"es-CO","@id":"https:\/\/www.dariomejia.com.co\/#\/schema\/logo\/image\/","url":"https:\/\/www.dariomejia.com.co\/wp-content\/uploads\/2026\/03\/dario-mejia-logo.png","contentUrl":"https:\/\/www.dariomejia.com.co\/wp-content\/uploads\/2026\/03\/dario-mejia-logo.png","width":379,"height":86,"caption":"Dario Mej\u00eda Henao S.A.S."},"image":{"@id":"https:\/\/www.dariomejia.com.co\/#\/schema\/logo\/image\/"},"sameAs":["https:\/\/www.facebook.com\/profile.php?id=61585480233547","https:\/\/x.com\/dmh_sas","https:\/\/www.instagram.com\/dmh_sas\/","https:\/\/www.linkedin.com\/company\/daro-meja-henao-sas\/"]}]}},"_links":{"self":[{"href":"https:\/\/www.dariomejia.com.co\/index.php?rest_route=\/wp\/v2\/product\/1142","targetHints":{"allow":["GET"]}}],"collection":[{"href":"https:\/\/www.dariomejia.com.co\/index.php?rest_route=\/wp\/v2\/product"}],"about":[{"href":"https:\/\/www.dariomejia.com.co\/index.php?rest_route=\/wp\/v2\/types\/product"}],"wp:featuredmedia":[{"embeddable":true,"href":"https:\/\/www.dariomejia.com.co\/index.php?rest_route=\/wp\/v2\/media\/1143"}],"wp:attachment":[{"href":"https:\/\/www.dariomejia.com.co\/index.php?rest_route=%2Fwp%2Fv2%2Fmedia&parent=1142"}],"wp:term":[{"taxonomy":"product_brand","embeddable":true,"href":"https:\/\/www.dariomejia.com.co\/index.php?rest_route=%2Fwp%2Fv2%2Fproduct_brand&post=1142"},{"taxonomy":"product_cat","embeddable":true,"href":"https:\/\/www.dariomejia.com.co\/index.php?rest_route=%2Fwp%2Fv2%2Fproduct_cat&post=1142"},{"taxonomy":"product_tag","embeddable":true,"href":"https:\/\/www.dariomejia.com.co\/index.php?rest_route=%2Fwp%2Fv2%2Fproduct_tag&post=1142"}],"curies":[{"name":"wp","href":"https:\/\/api.w.org\/{rel}","templated":true}]}}