{"id":207,"date":"2023-01-22T14:56:25","date_gmt":"2023-01-22T19:56:25","guid":{"rendered":"https:\/\/www.dariomejia.com.co\/?post_type=product&#038;p=207"},"modified":"2023-12-09T09:49:40","modified_gmt":"2023-12-09T14:49:40","slug":"frio-film","status":"publish","type":"product","link":"https:\/\/www.dariomejia.com.co\/?product=frio-film","title":{"rendered":"Fr\u00edo Film"},"content":{"rendered":"<p><strong>Usos:<\/strong> Insumo para fabricaci\u00f3n de cortinas para cuartos fr\u00edos y separador de ambientes.<\/p>\n<p><strong> Caracter\u00edsticas:<\/strong> Color amarillo apto para repeler insectos.<\/p>\n<p><strong>Ancho:<\/strong> 15 &#8211; 20 &#8211; 30 cm.<\/p>\n<p><strong>Espesor:<\/strong> 2 mm.<\/p>\n<p><strong>Colores:<\/strong> Transparente, Amarillo.<\/p>\n<p><strong>Referencias:<\/strong> Ribs, Reforzado, Liso.<\/p>\n<p><a href=\"https:\/\/www.dariomejia.com.co\/wp-content\/uploads\/2023\/10\/HT-FRIO-FILM-JUNTO.pdf\" target=\"_blank\" rel=\"noopener\"><img loading=\"lazy\" decoding=\"async\" class=\"alignright wp-image-451 size-full\" src=\"https:\/\/www.dariomejia.com.co\/wp-content\/uploads\/2023\/01\/ficha-btn.png\" alt=\"\" width=\"219\" height=\"53\" srcset=\"https:\/\/www.dariomejia.com.co\/wp-content\/uploads\/2023\/01\/ficha-btn.png 219w, https:\/\/www.dariomejia.com.co\/wp-content\/uploads\/2023\/01\/ficha-btn-64x15.png 64w\" sizes=\"auto, (max-width: 219px) 100vw, 219px\" \/><\/a><\/p>\n","protected":false},"excerpt":{"rendered":"<p>Pel\u00edcula transparente brillante de PVC.<\/p>\n","protected":false},"featured_media":300,"template":"","meta":[],"product_brand":[],"product_cat":[24,37],"product_tag":[],"class_list":{"0":"post-207","1":"product","2":"type-product","3":"status-publish","4":"has-post-thumbnail","6":"product_cat-cuartos-frios","7":"product_cat-nacional-importado","9":"first","10":"instock","11":"shipping-taxable","12":"product-type-simple"},"yoast_head":"<!-- This site is optimized with the Yoast SEO plugin v27.1.1 - https:\/\/yoast.com\/product\/yoast-seo-wordpress\/ -->\n<title>Fr\u00edo Film | Dario Mej\u00eda Henao S.A.S.<\/title>\n<meta name=\"robots\" content=\"index, follow, max-snippet:-1, max-image-preview:large, max-video-preview:-1\" \/>\n<link rel=\"canonical\" href=\"https:\/\/www.dariomejia.com.co\/?product=frio-film\" \/>\n<meta property=\"og:locale\" content=\"es_ES\" \/>\n<meta property=\"og:type\" content=\"article\" \/>\n<meta property=\"og:title\" content=\"Fr\u00edo Film | Dario Mej\u00eda Henao S.A.S.\" \/>\n<meta property=\"og:description\" content=\"Pel\u00edcula transparente brillante de PVC.\" \/>\n<meta property=\"og:url\" content=\"https:\/\/www.dariomejia.com.co\/?product=frio-film\" \/>\n<meta property=\"og:site_name\" content=\"Dario Mej\u00eda Henao S.A.S.\" \/>\n<meta property=\"article:publisher\" content=\"https:\/\/www.facebook.com\/profile.php?id=61585480233547\" \/>\n<meta property=\"article:modified_time\" content=\"2023-12-09T14:49:40+00:00\" \/>\n<meta property=\"og:image\" content=\"https:\/\/www.dariomejia.com.co\/wp-content\/uploads\/2023\/01\/friofilm.jpg\" \/>\n\t<meta property=\"og:image:width\" content=\"800\" \/>\n\t<meta property=\"og:image:height\" content=\"800\" \/>\n\t<meta property=\"og:image:type\" content=\"image\/jpeg\" \/>\n<meta name=\"twitter:card\" content=\"summary_large_image\" \/>\n<meta name=\"twitter:site\" content=\"@dmh_sas\" \/>\n<script type=\"application\/ld+json\" class=\"yoast-schema-graph\">{\"@context\":\"https:\/\/schema.org\",\"@graph\":[{\"@type\":\"WebPage\",\"@id\":\"https:\/\/www.dariomejia.com.co\/?product=frio-film\",\"url\":\"https:\/\/www.dariomejia.com.co\/?product=frio-film\",\"name\":\"Fr\u00edo Film | Dario Mej\u00eda Henao S.A.S.\",\"isPartOf\":{\"@id\":\"https:\/\/www.dariomejia.com.co\/#website\"},\"primaryImageOfPage\":{\"@id\":\"https:\/\/www.dariomejia.com.co\/?product=frio-film#primaryimage\"},\"image\":{\"@id\":\"https:\/\/www.dariomejia.com.co\/?product=frio-film#primaryimage\"},\"thumbnailUrl\":\"https:\/\/www.dariomejia.com.co\/wp-content\/uploads\/2023\/01\/friofilm.jpg\",\"datePublished\":\"2023-01-22T19:56:25+00:00\",\"dateModified\":\"2023-12-09T14:49:40+00:00\",\"breadcrumb\":{\"@id\":\"https:\/\/www.dariomejia.com.co\/?product=frio-film#breadcrumb\"},\"inLanguage\":\"es-CO\",\"potentialAction\":[{\"@type\":\"ReadAction\",\"target\":[\"https:\/\/www.dariomejia.com.co\/?product=frio-film\"]}]},{\"@type\":\"ImageObject\",\"inLanguage\":\"es-CO\",\"@id\":\"https:\/\/www.dariomejia.com.co\/?product=frio-film#primaryimage\",\"url\":\"https:\/\/www.dariomejia.com.co\/wp-content\/uploads\/2023\/01\/friofilm.jpg\",\"contentUrl\":\"https:\/\/www.dariomejia.com.co\/wp-content\/uploads\/2023\/01\/friofilm.jpg\",\"width\":800,\"height\":800},{\"@type\":\"BreadcrumbList\",\"@id\":\"https:\/\/www.dariomejia.com.co\/?product=frio-film#breadcrumb\",\"itemListElement\":[{\"@type\":\"ListItem\",\"position\":1,\"name\":\"Inicio\",\"item\":\"https:\/\/www.dariomejia.com.co\/\"},{\"@type\":\"ListItem\",\"position\":2,\"name\":\"Productos\",\"item\":\"https:\/\/www.dariomejia.com.co\/?page_id=9\"},{\"@type\":\"ListItem\",\"position\":3,\"name\":\"Fr\u00edo Film\"}]},{\"@type\":\"WebSite\",\"@id\":\"https:\/\/www.dariomejia.com.co\/#website\",\"url\":\"https:\/\/www.dariomejia.com.co\/\",\"name\":\"Dario Mej\u00eda Henao S.A.S.\",\"description\":\"Centro de Pl\u00e1stico\",\"publisher\":{\"@id\":\"https:\/\/www.dariomejia.com.co\/#organization\"},\"potentialAction\":[{\"@type\":\"SearchAction\",\"target\":{\"@type\":\"EntryPoint\",\"urlTemplate\":\"https:\/\/www.dariomejia.com.co\/?s={search_term_string}\"},\"query-input\":{\"@type\":\"PropertyValueSpecification\",\"valueRequired\":true,\"valueName\":\"search_term_string\"}}],\"inLanguage\":\"es-CO\"},{\"@type\":\"Organization\",\"@id\":\"https:\/\/www.dariomejia.com.co\/#organization\",\"name\":\"Dario Mej\u00eda Henao S.A.S.\",\"url\":\"https:\/\/www.dariomejia.com.co\/\",\"logo\":{\"@type\":\"ImageObject\",\"inLanguage\":\"es-CO\",\"@id\":\"https:\/\/www.dariomejia.com.co\/#\/schema\/logo\/image\/\",\"url\":\"https:\/\/www.dariomejia.com.co\/wp-content\/uploads\/2026\/03\/dario-mejia-logo.png\",\"contentUrl\":\"https:\/\/www.dariomejia.com.co\/wp-content\/uploads\/2026\/03\/dario-mejia-logo.png\",\"width\":379,\"height\":86,\"caption\":\"Dario Mej\u00eda Henao S.A.S.\"},\"image\":{\"@id\":\"https:\/\/www.dariomejia.com.co\/#\/schema\/logo\/image\/\"},\"sameAs\":[\"https:\/\/www.facebook.com\/profile.php?id=61585480233547\",\"https:\/\/x.com\/dmh_sas\",\"https:\/\/www.instagram.com\/dmh_sas\/\",\"https:\/\/www.linkedin.com\/company\/daro-meja-henao-sas\/\"]}]}<\/script>\n<!-- \/ Yoast SEO plugin. -->","yoast_head_json":{"title":"Fr\u00edo Film | Dario Mej\u00eda Henao S.A.S.","robots":{"index":"index","follow":"follow","max-snippet":"max-snippet:-1","max-image-preview":"max-image-preview:large","max-video-preview":"max-video-preview:-1"},"canonical":"https:\/\/www.dariomejia.com.co\/?product=frio-film","og_locale":"es_ES","og_type":"article","og_title":"Fr\u00edo Film | Dario Mej\u00eda Henao S.A.S.","og_description":"Pel\u00edcula transparente brillante de PVC.","og_url":"https:\/\/www.dariomejia.com.co\/?product=frio-film","og_site_name":"Dario Mej\u00eda Henao S.A.S.","article_publisher":"https:\/\/www.facebook.com\/profile.php?id=61585480233547","article_modified_time":"2023-12-09T14:49:40+00:00","og_image":[{"width":800,"height":800,"url":"https:\/\/www.dariomejia.com.co\/wp-content\/uploads\/2023\/01\/friofilm.jpg","type":"image\/jpeg"}],"twitter_card":"summary_large_image","twitter_site":"@dmh_sas","schema":{"@context":"https:\/\/schema.org","@graph":[{"@type":"WebPage","@id":"https:\/\/www.dariomejia.com.co\/?product=frio-film","url":"https:\/\/www.dariomejia.com.co\/?product=frio-film","name":"Fr\u00edo Film | Dario Mej\u00eda Henao S.A.S.","isPartOf":{"@id":"https:\/\/www.dariomejia.com.co\/#website"},"primaryImageOfPage":{"@id":"https:\/\/www.dariomejia.com.co\/?product=frio-film#primaryimage"},"image":{"@id":"https:\/\/www.dariomejia.com.co\/?product=frio-film#primaryimage"},"thumbnailUrl":"https:\/\/www.dariomejia.com.co\/wp-content\/uploads\/2023\/01\/friofilm.jpg","datePublished":"2023-01-22T19:56:25+00:00","dateModified":"2023-12-09T14:49:40+00:00","breadcrumb":{"@id":"https:\/\/www.dariomejia.com.co\/?product=frio-film#breadcrumb"},"inLanguage":"es-CO","potentialAction":[{"@type":"ReadAction","target":["https:\/\/www.dariomejia.com.co\/?product=frio-film"]}]},{"@type":"ImageObject","inLanguage":"es-CO","@id":"https:\/\/www.dariomejia.com.co\/?product=frio-film#primaryimage","url":"https:\/\/www.dariomejia.com.co\/wp-content\/uploads\/2023\/01\/friofilm.jpg","contentUrl":"https:\/\/www.dariomejia.com.co\/wp-content\/uploads\/2023\/01\/friofilm.jpg","width":800,"height":800},{"@type":"BreadcrumbList","@id":"https:\/\/www.dariomejia.com.co\/?product=frio-film#breadcrumb","itemListElement":[{"@type":"ListItem","position":1,"name":"Inicio","item":"https:\/\/www.dariomejia.com.co\/"},{"@type":"ListItem","position":2,"name":"Productos","item":"https:\/\/www.dariomejia.com.co\/?page_id=9"},{"@type":"ListItem","position":3,"name":"Fr\u00edo Film"}]},{"@type":"WebSite","@id":"https:\/\/www.dariomejia.com.co\/#website","url":"https:\/\/www.dariomejia.com.co\/","name":"Dario Mej\u00eda Henao S.A.S.","description":"Centro de Pl\u00e1stico","publisher":{"@id":"https:\/\/www.dariomejia.com.co\/#organization"},"potentialAction":[{"@type":"SearchAction","target":{"@type":"EntryPoint","urlTemplate":"https:\/\/www.dariomejia.com.co\/?s={search_term_string}"},"query-input":{"@type":"PropertyValueSpecification","valueRequired":true,"valueName":"search_term_string"}}],"inLanguage":"es-CO"},{"@type":"Organization","@id":"https:\/\/www.dariomejia.com.co\/#organization","name":"Dario Mej\u00eda Henao S.A.S.","url":"https:\/\/www.dariomejia.com.co\/","logo":{"@type":"ImageObject","inLanguage":"es-CO","@id":"https:\/\/www.dariomejia.com.co\/#\/schema\/logo\/image\/","url":"https:\/\/www.dariomejia.com.co\/wp-content\/uploads\/2026\/03\/dario-mejia-logo.png","contentUrl":"https:\/\/www.dariomejia.com.co\/wp-content\/uploads\/2026\/03\/dario-mejia-logo.png","width":379,"height":86,"caption":"Dario Mej\u00eda Henao S.A.S."},"image":{"@id":"https:\/\/www.dariomejia.com.co\/#\/schema\/logo\/image\/"},"sameAs":["https:\/\/www.facebook.com\/profile.php?id=61585480233547","https:\/\/x.com\/dmh_sas","https:\/\/www.instagram.com\/dmh_sas\/","https:\/\/www.linkedin.com\/company\/daro-meja-henao-sas\/"]}]}},"_links":{"self":[{"href":"https:\/\/www.dariomejia.com.co\/index.php?rest_route=\/wp\/v2\/product\/207","targetHints":{"allow":["GET"]}}],"collection":[{"href":"https:\/\/www.dariomejia.com.co\/index.php?rest_route=\/wp\/v2\/product"}],"about":[{"href":"https:\/\/www.dariomejia.com.co\/index.php?rest_route=\/wp\/v2\/types\/product"}],"wp:featuredmedia":[{"embeddable":true,"href":"https:\/\/www.dariomejia.com.co\/index.php?rest_route=\/wp\/v2\/media\/300"}],"wp:attachment":[{"href":"https:\/\/www.dariomejia.com.co\/index.php?rest_route=%2Fwp%2Fv2%2Fmedia&parent=207"}],"wp:term":[{"taxonomy":"product_brand","embeddable":true,"href":"https:\/\/www.dariomejia.com.co\/index.php?rest_route=%2Fwp%2Fv2%2Fproduct_brand&post=207"},{"taxonomy":"product_cat","embeddable":true,"href":"https:\/\/www.dariomejia.com.co\/index.php?rest_route=%2Fwp%2Fv2%2Fproduct_cat&post=207"},{"taxonomy":"product_tag","embeddable":true,"href":"https:\/\/www.dariomejia.com.co\/index.php?rest_route=%2Fwp%2Fv2%2Fproduct_tag&post=207"}],"curies":[{"name":"wp","href":"https:\/\/api.w.org\/{rel}","templated":true}]}}