{"id":878,"date":"2024-05-03T16:36:31","date_gmt":"2024-05-03T21:36:31","guid":{"rendered":"https:\/\/www.dariomejia.com.co\/?post_type=product&#038;p=878"},"modified":"2025-09-08T16:43:44","modified_gmt":"2025-09-08T21:43:44","slug":"supervinilo-dm-dorado-plateado-y-oro-rosa","status":"publish","type":"product","link":"https:\/\/www.dariomejia.com.co\/?product=supervinilo-dm-dorado-plateado-y-oro-rosa","title":{"rendered":"Supervinilo DM Semicomformable Metalizado"},"content":{"rendered":"<p><strong>Usos: <\/strong>Vehicular<\/p>\n<ul>\n<li><span class=\"OYPEnA text-decoration-none text-strikethrough-none\">Medios de serigraf\u00eda y digitales para interiores y exteriores para se\u00f1alizaci\u00f3n y veh\u00edculos.<\/span><\/li>\n<\/ul>\n<p><strong>Ancho:<\/strong> 1.52 mts.<\/p>\n<p><strong>Longitud:\u00a0<\/strong>50 mts<\/p>\n<p><strong>Colores: <\/strong>Dorado, plateado y oro rosa<a href=\"https:\/\/www.dariomejia.com.co\/wp-content\/uploads\/2024\/05\/HT-SUPERVINILO-DM-METALIZADO-DORADOPLATEADO-Y-PALO-DE-ROSA.pdf\" target=\"_blank\" rel=\"noopener\"><img loading=\"lazy\" decoding=\"async\" class=\"alignright wp-image-451 size-full\" src=\"https:\/\/www.dariomejia.com.co\/wp-content\/uploads\/2023\/01\/ficha-btn.png\" alt=\"\" width=\"219\" height=\"53\" srcset=\"https:\/\/www.dariomejia.com.co\/wp-content\/uploads\/2023\/01\/ficha-btn.png 219w, https:\/\/www.dariomejia.com.co\/wp-content\/uploads\/2023\/01\/ficha-btn-64x15.png 64w\" sizes=\"auto, (max-width: 219px) 100vw, 219px\" \/><\/a><\/p>\n","protected":false},"excerpt":{"rendered":"<p>Vinilo polim\u00e9rico metalizado de PVC blando\u00a0 calandrado apto para decoraci\u00f3n, corte e impresi\u00f3n digital en gran formato imprimible en todas las tecnolog\u00edas.<\/p>\n","protected":false},"featured_media":875,"template":"","meta":[],"product_brand":[],"product_cat":[31,25],"product_tag":[],"class_list":{"0":"post-878","1":"product","2":"type-product","3":"status-publish","4":"has-post-thumbnail","6":"product_cat-especialidades","7":"product_cat-impresion-digital","9":"first","10":"instock","11":"shipping-taxable","12":"product-type-simple"},"yoast_head":"<!-- This site is optimized with the Yoast SEO plugin v27.1.1 - https:\/\/yoast.com\/product\/yoast-seo-wordpress\/ -->\n<title>Supervinilo DM Semicomformable Metalizado | Dario Mej\u00eda Henao S.A.S.<\/title>\n<meta name=\"robots\" content=\"index, follow, max-snippet:-1, max-image-preview:large, max-video-preview:-1\" \/>\n<link rel=\"canonical\" href=\"https:\/\/www.dariomejia.com.co\/?product=supervinilo-dm-dorado-plateado-y-oro-rosa\" \/>\n<meta property=\"og:locale\" content=\"es_ES\" \/>\n<meta property=\"og:type\" content=\"article\" \/>\n<meta property=\"og:title\" content=\"Supervinilo DM Semicomformable Metalizado | Dario Mej\u00eda Henao S.A.S.\" \/>\n<meta property=\"og:description\" content=\"Vinilo polim\u00e9rico metalizado de PVC blando\u00a0 calandrado apto para decoraci\u00f3n, corte e impresi\u00f3n digital en gran formato imprimible en todas las tecnolog\u00edas.\" \/>\n<meta property=\"og:url\" content=\"https:\/\/www.dariomejia.com.co\/?product=supervinilo-dm-dorado-plateado-y-oro-rosa\" \/>\n<meta property=\"og:site_name\" content=\"Dario Mej\u00eda Henao S.A.S.\" \/>\n<meta property=\"article:publisher\" content=\"https:\/\/www.facebook.com\/profile.php?id=61585480233547\" \/>\n<meta property=\"article:modified_time\" content=\"2025-09-08T21:43:44+00:00\" \/>\n<meta property=\"og:image\" content=\"https:\/\/www.dariomejia.com.co\/wp-content\/uploads\/2024\/05\/VINILO-SEMICONFORMABLE-METALIZADOS.png\" \/>\n\t<meta property=\"og:image:width\" content=\"412\" \/>\n\t<meta property=\"og:image:height\" content=\"431\" \/>\n\t<meta property=\"og:image:type\" content=\"image\/png\" \/>\n<meta name=\"twitter:card\" content=\"summary_large_image\" \/>\n<meta name=\"twitter:site\" content=\"@dmh_sas\" \/>\n<script type=\"application\/ld+json\" class=\"yoast-schema-graph\">{\"@context\":\"https:\/\/schema.org\",\"@graph\":[{\"@type\":\"WebPage\",\"@id\":\"https:\/\/www.dariomejia.com.co\/?product=supervinilo-dm-dorado-plateado-y-oro-rosa\",\"url\":\"https:\/\/www.dariomejia.com.co\/?product=supervinilo-dm-dorado-plateado-y-oro-rosa\",\"name\":\"Supervinilo DM Semicomformable Metalizado | Dario Mej\u00eda Henao S.A.S.\",\"isPartOf\":{\"@id\":\"https:\/\/www.dariomejia.com.co\/#website\"},\"primaryImageOfPage\":{\"@id\":\"https:\/\/www.dariomejia.com.co\/?product=supervinilo-dm-dorado-plateado-y-oro-rosa#primaryimage\"},\"image\":{\"@id\":\"https:\/\/www.dariomejia.com.co\/?product=supervinilo-dm-dorado-plateado-y-oro-rosa#primaryimage\"},\"thumbnailUrl\":\"https:\/\/www.dariomejia.com.co\/wp-content\/uploads\/2024\/05\/VINILO-SEMICONFORMABLE-METALIZADOS.png\",\"datePublished\":\"2024-05-03T21:36:31+00:00\",\"dateModified\":\"2025-09-08T21:43:44+00:00\",\"breadcrumb\":{\"@id\":\"https:\/\/www.dariomejia.com.co\/?product=supervinilo-dm-dorado-plateado-y-oro-rosa#breadcrumb\"},\"inLanguage\":\"es-CO\",\"potentialAction\":[{\"@type\":\"ReadAction\",\"target\":[\"https:\/\/www.dariomejia.com.co\/?product=supervinilo-dm-dorado-plateado-y-oro-rosa\"]}]},{\"@type\":\"ImageObject\",\"inLanguage\":\"es-CO\",\"@id\":\"https:\/\/www.dariomejia.com.co\/?product=supervinilo-dm-dorado-plateado-y-oro-rosa#primaryimage\",\"url\":\"https:\/\/www.dariomejia.com.co\/wp-content\/uploads\/2024\/05\/VINILO-SEMICONFORMABLE-METALIZADOS.png\",\"contentUrl\":\"https:\/\/www.dariomejia.com.co\/wp-content\/uploads\/2024\/05\/VINILO-SEMICONFORMABLE-METALIZADOS.png\",\"width\":412,\"height\":431},{\"@type\":\"BreadcrumbList\",\"@id\":\"https:\/\/www.dariomejia.com.co\/?product=supervinilo-dm-dorado-plateado-y-oro-rosa#breadcrumb\",\"itemListElement\":[{\"@type\":\"ListItem\",\"position\":1,\"name\":\"Inicio\",\"item\":\"https:\/\/www.dariomejia.com.co\/\"},{\"@type\":\"ListItem\",\"position\":2,\"name\":\"Productos\",\"item\":\"https:\/\/www.dariomejia.com.co\/?page_id=9\"},{\"@type\":\"ListItem\",\"position\":3,\"name\":\"Supervinilo DM Semicomformable Metalizado\"}]},{\"@type\":\"WebSite\",\"@id\":\"https:\/\/www.dariomejia.com.co\/#website\",\"url\":\"https:\/\/www.dariomejia.com.co\/\",\"name\":\"Dario Mej\u00eda Henao S.A.S.\",\"description\":\"Centro de Pl\u00e1stico\",\"publisher\":{\"@id\":\"https:\/\/www.dariomejia.com.co\/#organization\"},\"potentialAction\":[{\"@type\":\"SearchAction\",\"target\":{\"@type\":\"EntryPoint\",\"urlTemplate\":\"https:\/\/www.dariomejia.com.co\/?s={search_term_string}\"},\"query-input\":{\"@type\":\"PropertyValueSpecification\",\"valueRequired\":true,\"valueName\":\"search_term_string\"}}],\"inLanguage\":\"es-CO\"},{\"@type\":\"Organization\",\"@id\":\"https:\/\/www.dariomejia.com.co\/#organization\",\"name\":\"Dario Mej\u00eda Henao S.A.S.\",\"url\":\"https:\/\/www.dariomejia.com.co\/\",\"logo\":{\"@type\":\"ImageObject\",\"inLanguage\":\"es-CO\",\"@id\":\"https:\/\/www.dariomejia.com.co\/#\/schema\/logo\/image\/\",\"url\":\"https:\/\/www.dariomejia.com.co\/wp-content\/uploads\/2026\/03\/dario-mejia-logo.png\",\"contentUrl\":\"https:\/\/www.dariomejia.com.co\/wp-content\/uploads\/2026\/03\/dario-mejia-logo.png\",\"width\":379,\"height\":86,\"caption\":\"Dario Mej\u00eda Henao S.A.S.\"},\"image\":{\"@id\":\"https:\/\/www.dariomejia.com.co\/#\/schema\/logo\/image\/\"},\"sameAs\":[\"https:\/\/www.facebook.com\/profile.php?id=61585480233547\",\"https:\/\/x.com\/dmh_sas\",\"https:\/\/www.instagram.com\/dmh_sas\/\",\"https:\/\/www.linkedin.com\/company\/daro-meja-henao-sas\/\"]}]}<\/script>\n<!-- \/ Yoast SEO plugin. -->","yoast_head_json":{"title":"Supervinilo DM Semicomformable Metalizado | Dario Mej\u00eda Henao S.A.S.","robots":{"index":"index","follow":"follow","max-snippet":"max-snippet:-1","max-image-preview":"max-image-preview:large","max-video-preview":"max-video-preview:-1"},"canonical":"https:\/\/www.dariomejia.com.co\/?product=supervinilo-dm-dorado-plateado-y-oro-rosa","og_locale":"es_ES","og_type":"article","og_title":"Supervinilo DM Semicomformable Metalizado | Dario Mej\u00eda Henao S.A.S.","og_description":"Vinilo polim\u00e9rico metalizado de PVC blando\u00a0 calandrado apto para decoraci\u00f3n, corte e impresi\u00f3n digital en gran formato imprimible en todas las tecnolog\u00edas.","og_url":"https:\/\/www.dariomejia.com.co\/?product=supervinilo-dm-dorado-plateado-y-oro-rosa","og_site_name":"Dario Mej\u00eda Henao S.A.S.","article_publisher":"https:\/\/www.facebook.com\/profile.php?id=61585480233547","article_modified_time":"2025-09-08T21:43:44+00:00","og_image":[{"width":412,"height":431,"url":"https:\/\/www.dariomejia.com.co\/wp-content\/uploads\/2024\/05\/VINILO-SEMICONFORMABLE-METALIZADOS.png","type":"image\/png"}],"twitter_card":"summary_large_image","twitter_site":"@dmh_sas","schema":{"@context":"https:\/\/schema.org","@graph":[{"@type":"WebPage","@id":"https:\/\/www.dariomejia.com.co\/?product=supervinilo-dm-dorado-plateado-y-oro-rosa","url":"https:\/\/www.dariomejia.com.co\/?product=supervinilo-dm-dorado-plateado-y-oro-rosa","name":"Supervinilo DM Semicomformable Metalizado | Dario Mej\u00eda Henao S.A.S.","isPartOf":{"@id":"https:\/\/www.dariomejia.com.co\/#website"},"primaryImageOfPage":{"@id":"https:\/\/www.dariomejia.com.co\/?product=supervinilo-dm-dorado-plateado-y-oro-rosa#primaryimage"},"image":{"@id":"https:\/\/www.dariomejia.com.co\/?product=supervinilo-dm-dorado-plateado-y-oro-rosa#primaryimage"},"thumbnailUrl":"https:\/\/www.dariomejia.com.co\/wp-content\/uploads\/2024\/05\/VINILO-SEMICONFORMABLE-METALIZADOS.png","datePublished":"2024-05-03T21:36:31+00:00","dateModified":"2025-09-08T21:43:44+00:00","breadcrumb":{"@id":"https:\/\/www.dariomejia.com.co\/?product=supervinilo-dm-dorado-plateado-y-oro-rosa#breadcrumb"},"inLanguage":"es-CO","potentialAction":[{"@type":"ReadAction","target":["https:\/\/www.dariomejia.com.co\/?product=supervinilo-dm-dorado-plateado-y-oro-rosa"]}]},{"@type":"ImageObject","inLanguage":"es-CO","@id":"https:\/\/www.dariomejia.com.co\/?product=supervinilo-dm-dorado-plateado-y-oro-rosa#primaryimage","url":"https:\/\/www.dariomejia.com.co\/wp-content\/uploads\/2024\/05\/VINILO-SEMICONFORMABLE-METALIZADOS.png","contentUrl":"https:\/\/www.dariomejia.com.co\/wp-content\/uploads\/2024\/05\/VINILO-SEMICONFORMABLE-METALIZADOS.png","width":412,"height":431},{"@type":"BreadcrumbList","@id":"https:\/\/www.dariomejia.com.co\/?product=supervinilo-dm-dorado-plateado-y-oro-rosa#breadcrumb","itemListElement":[{"@type":"ListItem","position":1,"name":"Inicio","item":"https:\/\/www.dariomejia.com.co\/"},{"@type":"ListItem","position":2,"name":"Productos","item":"https:\/\/www.dariomejia.com.co\/?page_id=9"},{"@type":"ListItem","position":3,"name":"Supervinilo DM Semicomformable Metalizado"}]},{"@type":"WebSite","@id":"https:\/\/www.dariomejia.com.co\/#website","url":"https:\/\/www.dariomejia.com.co\/","name":"Dario Mej\u00eda Henao S.A.S.","description":"Centro de Pl\u00e1stico","publisher":{"@id":"https:\/\/www.dariomejia.com.co\/#organization"},"potentialAction":[{"@type":"SearchAction","target":{"@type":"EntryPoint","urlTemplate":"https:\/\/www.dariomejia.com.co\/?s={search_term_string}"},"query-input":{"@type":"PropertyValueSpecification","valueRequired":true,"valueName":"search_term_string"}}],"inLanguage":"es-CO"},{"@type":"Organization","@id":"https:\/\/www.dariomejia.com.co\/#organization","name":"Dario Mej\u00eda Henao S.A.S.","url":"https:\/\/www.dariomejia.com.co\/","logo":{"@type":"ImageObject","inLanguage":"es-CO","@id":"https:\/\/www.dariomejia.com.co\/#\/schema\/logo\/image\/","url":"https:\/\/www.dariomejia.com.co\/wp-content\/uploads\/2026\/03\/dario-mejia-logo.png","contentUrl":"https:\/\/www.dariomejia.com.co\/wp-content\/uploads\/2026\/03\/dario-mejia-logo.png","width":379,"height":86,"caption":"Dario Mej\u00eda Henao S.A.S."},"image":{"@id":"https:\/\/www.dariomejia.com.co\/#\/schema\/logo\/image\/"},"sameAs":["https:\/\/www.facebook.com\/profile.php?id=61585480233547","https:\/\/x.com\/dmh_sas","https:\/\/www.instagram.com\/dmh_sas\/","https:\/\/www.linkedin.com\/company\/daro-meja-henao-sas\/"]}]}},"_links":{"self":[{"href":"https:\/\/www.dariomejia.com.co\/index.php?rest_route=\/wp\/v2\/product\/878","targetHints":{"allow":["GET"]}}],"collection":[{"href":"https:\/\/www.dariomejia.com.co\/index.php?rest_route=\/wp\/v2\/product"}],"about":[{"href":"https:\/\/www.dariomejia.com.co\/index.php?rest_route=\/wp\/v2\/types\/product"}],"wp:featuredmedia":[{"embeddable":true,"href":"https:\/\/www.dariomejia.com.co\/index.php?rest_route=\/wp\/v2\/media\/875"}],"wp:attachment":[{"href":"https:\/\/www.dariomejia.com.co\/index.php?rest_route=%2Fwp%2Fv2%2Fmedia&parent=878"}],"wp:term":[{"taxonomy":"product_brand","embeddable":true,"href":"https:\/\/www.dariomejia.com.co\/index.php?rest_route=%2Fwp%2Fv2%2Fproduct_brand&post=878"},{"taxonomy":"product_cat","embeddable":true,"href":"https:\/\/www.dariomejia.com.co\/index.php?rest_route=%2Fwp%2Fv2%2Fproduct_cat&post=878"},{"taxonomy":"product_tag","embeddable":true,"href":"https:\/\/www.dariomejia.com.co\/index.php?rest_route=%2Fwp%2Fv2%2Fproduct_tag&post=878"}],"curies":[{"name":"wp","href":"https:\/\/api.w.org\/{rel}","templated":true}]}}